{"id":72,"date":"2025-12-03T06:27:54","date_gmt":"2025-12-03T05:27:54","guid":{"rendered":"https:\/\/riadalkarama.com\/?page_id=72"},"modified":"2025-12-03T18:03:28","modified_gmt":"2025-12-03T17:03:28","slug":"la-table","status":"publish","type":"page","link":"https:\/\/riadalkarama.com\/?page_id=72","title":{"rendered":"LA TABLE"},"content":{"rendered":"\t\t<div data-elementor-type=\"wp-page\" data-elementor-id=\"72\" class=\"elementor elementor-72\">\n\t\t\t\t<div class=\"elementor-element elementor-element-8462d49 e-flex e-con-boxed e-con e-parent\" data-id=\"8462d49\" data-element_type=\"container\">\n\t\t\t\t\t<div class=\"e-con-inner\">\n\t\t<div class=\"elementor-element elementor-element-3acdd3d e-con-full e-flex e-con e-child\" data-id=\"3acdd3d\" data-element_type=\"container\">\n\t\t\t\t<div class=\"elementor-element elementor-element-5a2cccd elementor-widget elementor-widget-text-editor\" data-id=\"5a2cccd\" data-element_type=\"widget\" data-widget_type=\"text-editor.default\">\n\t\t\t\t\t\t\t\t\t<div class=\"img owl-single owl-carousel owl-theme\"><div class=\"owl-wrapper-outer\"><div class=\"owl-wrapper\"><div class=\"owl-item\"><img decoding=\"async\" src=\"https:\/\/web.archive.org\/web\/20230531112942im_\/http:\/\/riadalkarama.com\/images\/restaurant\/img-3.jpg\" alt=\"\" \/><span style=\"color: #1e293b; font-size: 1.5rem; font-style: inherit; font-weight: 600;\">Les repas gourmets du Riad AL KARAMA<\/span><\/div><\/div><\/div><\/div><div class=\"text\"><p>Notre Chef cuisinier, vous concoctera une cuisine Marocaine inventive et vari\u00e9e, pr\u00e9par\u00e9e exclusivement \u00e0 base de produit frais du march\u00e9, de volailles fermi\u00e8res, poissons grill\u00e9s, en sauces et autres l\u00e9gumes bio.<br \/>Si vous souhaitez varier les plaisirs, le chef pourra \u00e0 votre guise vous d\u00e9lecter avec des plats traditionnels plus m\u00e9ridionaux.<\/p><p>Pour le petit d\u00e9jeuner, Fred vous r\u00e9galera avec ses cr\u00eapes marocaines, g\u00e2teaux, cakes, pains viennois, confitures, jus de fruits frais press\u00e9s, pain brioch\u00e9, et autres yaourts, le tout \u00ab fait maison \u00bb, notre patrimoine maison d\u2019h\u00f4tes.<\/p><p><strong>D\u00e9jeuner et D\u00eener sur demande 15 \u20ac (boissons non incluses)<\/strong><\/p><p>Sensibilis\u00e9s par notre fille \u00e0 la maladie c\u0153liaque, il n\u2019est toujours pas facile de manger \u00e0 l\u2019ext\u00e9rieur, au RIAD AL KARAMA nous vous pr\u00e9parons une cuisine haut de gamme sans gluten. Nous en informer d\u00e8s la r\u00e9servation<\/p><\/div>\t\t\t\t\t\t\t\t<\/div>\n\t\t\t\t<\/div>\n\t\t<div class=\"elementor-element elementor-element-9caa144 e-con-full e-flex e-con e-child\" data-id=\"9caa144\" data-element_type=\"container\">\n\t\t\t\t<div class=\"elementor-element elementor-element-c4ddb44 elementor-widget elementor-widget-image\" data-id=\"c4ddb44\" data-element_type=\"widget\" data-widget_type=\"image.default\">\n\t\t\t\t\t\t\t\t\t\t\t\t\t\t\t<img fetchpriority=\"high\" decoding=\"async\" width=\"1024\" height=\"523\" src=\"http:\/\/riadalkarama.com\/wp-content\/uploads\/2025\/12\/slide-5-1024x523.jpg\" class=\"attachment-large size-large wp-image-32\" alt=\"\" srcset=\"http:\/\/riadalkarama.com\/wp-content\/uploads\/2025\/12\/slide-5-1024x523.jpg 1024w, http:\/\/riadalkarama.com\/wp-content\/uploads\/2025\/12\/slide-5-300x153.jpg 300w, http:\/\/riadalkarama.com\/wp-content\/uploads\/2025\/12\/slide-5-768x392.jpg 768w, http:\/\/riadalkarama.com\/wp-content\/uploads\/2025\/12\/slide-5-1536x784.jpg 1536w, http:\/\/riadalkarama.com\/wp-content\/uploads\/2025\/12\/slide-5.jpg 1920w\" sizes=\"(max-width: 1024px) 100vw, 1024px\" \/>\t\t\t\t\t\t\t\t\t\t\t\t\t\t\t<\/div>\n\t\t\t\t<\/div>\n\t\t\t\t\t<\/div>\n\t\t\t\t<\/div>\n\t\t\t\t<\/div>\n\t\t","protected":false},"excerpt":{"rendered":"<p>Les repas gourmets du Riad AL KARAMA Notre Chef cuisinier, vous concoctera une cuisine Marocaine inventive et vari\u00e9e, pr\u00e9par\u00e9e exclusivement [&hellip;]<\/p>\n","protected":false},"author":1,"featured_media":32,"parent":0,"menu_order":0,"comment_status":"closed","ping_status":"closed","template":"elementor_theme","meta":{"site-sidebar-layout":"no-sidebar","site-content-layout":"","ast-site-content-layout":"full-width-container","site-content-style":"default","site-sidebar-style":"default","ast-global-header-display":"","ast-banner-title-visibility":"","ast-main-header-display":"","ast-hfb-above-header-display":"","ast-hfb-below-header-display":"","ast-hfb-mobile-header-display":"","site-post-title":"","ast-breadcrumbs-content":"","ast-featured-img":"disabled","footer-sml-layout":"","theme-transparent-header-meta":"","adv-header-id-meta":"","stick-header-meta":"","header-above-stick-meta":"","header-main-stick-meta":"","header-below-stick-meta":"","astra-migrate-meta-layouts":"default","ast-page-background-enabled":"default","ast-page-background-meta":{"desktop":{"background-color":"var(--ast-global-color-5)","background-image":"","background-repeat":"repeat","background-position":"center center","background-size":"auto","background-attachment":"scroll","background-type":"","background-media":"","overlay-type":"","overlay-color":"","overlay-opacity":"","overlay-gradient":""},"tablet":{"background-color":"","background-image":"","background-repeat":"repeat","background-position":"center center","background-size":"auto","background-attachment":"scroll","background-type":"","background-media":"","overlay-type":"","overlay-color":"","overlay-opacity":"","overlay-gradient":""},"mobile":{"background-color":"","background-image":"","background-repeat":"repeat","background-position":"center center","background-size":"auto","background-attachment":"scroll","background-type":"","background-media":"","overlay-type":"","overlay-color":"","overlay-opacity":"","overlay-gradient":""}},"ast-content-background-meta":{"desktop":{"background-color":"var(--ast-global-color-4)","background-image":"","background-repeat":"repeat","background-position":"center center","background-size":"auto","background-attachment":"scroll","background-type":"","background-media":"","overlay-type":"","overlay-color":"","overlay-opacity":"","overlay-gradient":""},"tablet":{"background-color":"var(--ast-global-color-4)","background-image":"","background-repeat":"repeat","background-position":"center center","background-size":"auto","background-attachment":"scroll","background-type":"","background-media":"","overlay-type":"","overlay-color":"","overlay-opacity":"","overlay-gradient":""},"mobile":{"background-color":"var(--ast-global-color-4)","background-image":"","background-repeat":"repeat","background-position":"center center","background-size":"auto","background-attachment":"scroll","background-type":"","background-media":"","overlay-type":"","overlay-color":"","overlay-opacity":"","overlay-gradient":""}},"footnotes":""},"class_list":["post-72","page","type-page","status-publish","has-post-thumbnail","hentry"],"_links":{"self":[{"href":"https:\/\/riadalkarama.com\/index.php?rest_route=\/wp\/v2\/pages\/72","targetHints":{"allow":["GET"]}}],"collection":[{"href":"https:\/\/riadalkarama.com\/index.php?rest_route=\/wp\/v2\/pages"}],"about":[{"href":"https:\/\/riadalkarama.com\/index.php?rest_route=\/wp\/v2\/types\/page"}],"author":[{"embeddable":true,"href":"https:\/\/riadalkarama.com\/index.php?rest_route=\/wp\/v2\/users\/1"}],"replies":[{"embeddable":true,"href":"https:\/\/riadalkarama.com\/index.php?rest_route=%2Fwp%2Fv2%2Fcomments&post=72"}],"version-history":[{"count":22,"href":"https:\/\/riadalkarama.com\/index.php?rest_route=\/wp\/v2\/pages\/72\/revisions"}],"predecessor-version":[{"id":153,"href":"https:\/\/riadalkarama.com\/index.php?rest_route=\/wp\/v2\/pages\/72\/revisions\/153"}],"wp:featuredmedia":[{"embeddable":true,"href":"https:\/\/riadalkarama.com\/index.php?rest_route=\/wp\/v2\/media\/32"}],"wp:attachment":[{"href":"https:\/\/riadalkarama.com\/index.php?rest_route=%2Fwp%2Fv2%2Fmedia&parent=72"}],"curies":[{"name":"wp","href":"https:\/\/api.w.org\/{rel}","templated":true}]}}