{"id":67,"date":"2025-12-03T05:33:19","date_gmt":"2025-12-03T04:33:19","guid":{"rendered":"https:\/\/riadalkarama.com\/?page_id=67"},"modified":"2025-12-03T18:23:42","modified_gmt":"2025-12-03T17:23:42","slug":"chambre","status":"publish","type":"page","link":"https:\/\/riadalkarama.com\/?page_id=67","title":{"rendered":"CHAMBRES"},"content":{"rendered":"\t\t<div data-elementor-type=\"wp-page\" data-elementor-id=\"67\" class=\"elementor elementor-67\">\n\t\t\t\t<div class=\"elementor-element elementor-element-997ebca e-flex e-con-boxed e-con e-parent\" data-id=\"997ebca\" data-element_type=\"container\">\n\t\t\t\t\t<div class=\"e-con-inner\">\n\t\t<div class=\"elementor-element elementor-element-9bb0afd e-con-full e-flex e-con e-child\" data-id=\"9bb0afd\" data-element_type=\"container\">\n\t\t\t\t<div class=\"elementor-element elementor-element-436c82a elementor-widget elementor-widget-image\" data-id=\"436c82a\" data-element_type=\"widget\" data-widget_type=\"image.default\">\n\t\t\t\t\t\t\t\t\t\t\t\t\t\t\t<img fetchpriority=\"high\" decoding=\"async\" width=\"370\" height=\"245\" src=\"https:\/\/riadalkarama.com\/wp-content\/uploads\/2025\/12\/suite-paprika.jpg\" class=\"attachment-2048x2048 size-2048x2048 wp-image-26\" alt=\"\" srcset=\"https:\/\/riadalkarama.com\/wp-content\/uploads\/2025\/12\/suite-paprika.jpg 370w, https:\/\/riadalkarama.com\/wp-content\/uploads\/2025\/12\/suite-paprika-300x199.jpg 300w\" sizes=\"(max-width: 370px) 100vw, 370px\" \/>\t\t\t\t\t\t\t\t\t\t\t\t\t\t\t<\/div>\n\t\t\t\t<\/div>\n\t\t<div class=\"elementor-element elementor-element-844fc90 e-con-full e-flex e-con e-child\" data-id=\"844fc90\" data-element_type=\"container\">\n\t\t\t\t<div class=\"elementor-element elementor-element-c152607 elementor-widget elementor-widget-text-editor\" data-id=\"c152607\" data-element_type=\"widget\" data-widget_type=\"text-editor.default\">\n\t\t\t\t\t\t\t\t\t<h5 style=\"font-family: Hind; line-height: 1.5em; color: #232323; margin-bottom: 0px; font-size: 18.15px; text-transform: uppercase; font-style: normal; letter-spacing: 0.196px;\">Suite Paprika<\/h5><p style=\"margin-bottom: 0px; line-height: 1.7em; letter-spacing: 0.02em; font-size: 14px; color: #232323; font-family: Hind; font-style: normal; font-weight: 500;\">La suite des \u00ab\u00a0Mille et une nuits\u00a0\u00bb \u00e0 la d\u00e9coration orientale, air conditionn\u00e9, lit double, salle de bain en tadellakt, avec douche et toilettes priv\u00e9es.<\/p><div style=\"margin-right: -15px; margin-left: -15px; color: #232323; font-family: Hind; font-size: 14px; letter-spacing: 0.196px;\"><div style=\"position: relative; min-height: 1px; padding-right: 15px; padding-left: 15px; float: left; width: 299.984px;\"><ul style=\"margin-top: 5px; margin-bottom: 0px; padding-left: 17px;\"><li style=\"padding-top: 4px; padding-bottom: 4px;\">Superficie 26 m\u00b2<\/li><li style=\"padding-top: 4px; padding-bottom: 4px;\">1 lit double<\/li><li style=\"padding-top: 4px; padding-bottom: 4px;\">Salon : 2 canap\u00e9s-lits<\/li><li style=\"padding-top: 4px; padding-bottom: 4px;\">Air conditionn\u00e9<\/li><\/ul><\/div><div style=\"position: relative; min-height: 1px; padding-right: 15px; padding-left: 15px; float: left; width: 299.984px;\"><ul style=\"margin-top: 5px; margin-bottom: 0px; padding-left: 17px;\"><li style=\"padding-top: 4px; padding-bottom: 4px;\">\u00c9tages sup\u00e9rieurs accessibles uniquement par les escaliers<\/li><li style=\"padding-top: 4px; padding-bottom: 4px;\">Salle de bain est \u00e9quip\u00e9e d&rsquo;une douche<\/li><li style=\"padding-top: 4px; padding-bottom: 4px;\">Bureau<\/li><\/ul><\/div><\/div>\t\t\t\t\t\t\t\t<\/div>\n\t\t\t\t<\/div>\n\t\t\t\t\t<\/div>\n\t\t\t\t<\/div>\n\t\t<div class=\"elementor-element elementor-element-3060dec e-flex e-con-boxed e-con e-parent\" data-id=\"3060dec\" data-element_type=\"container\">\n\t\t\t\t\t<div class=\"e-con-inner\">\n\t\t\t\t<div class=\"elementor-element elementor-element-705c470 elementor-widget-divider--view-line elementor-widget elementor-widget-divider\" data-id=\"705c470\" data-element_type=\"widget\" data-widget_type=\"divider.default\">\n\t\t\t\t\t\t\t<div class=\"elementor-divider\">\n\t\t\t<span class=\"elementor-divider-separator\">\n\t\t\t\t\t\t<\/span>\n\t\t<\/div>\n\t\t\t\t\t\t<\/div>\n\t\t\t\t\t<\/div>\n\t\t\t\t<\/div>\n\t\t<div class=\"elementor-element elementor-element-502fee6 e-flex e-con-boxed e-con e-parent\" data-id=\"502fee6\" data-element_type=\"container\">\n\t\t\t\t\t<div class=\"e-con-inner\">\n\t\t<div class=\"elementor-element elementor-element-19af0d6 e-con-full e-flex e-con e-child\" data-id=\"19af0d6\" data-element_type=\"container\">\n\t\t\t\t<div class=\"elementor-element elementor-element-af11626 elementor-widget elementor-widget-image\" data-id=\"af11626\" data-element_type=\"widget\" data-widget_type=\"image.default\">\n\t\t\t\t\t\t\t\t\t\t\t\t\t\t\t<img decoding=\"async\" width=\"370\" height=\"245\" src=\"https:\/\/riadalkarama.com\/wp-content\/uploads\/2025\/12\/chambre-coriandre.jpg\" class=\"attachment-2048x2048 size-2048x2048 wp-image-23\" alt=\"\" srcset=\"https:\/\/riadalkarama.com\/wp-content\/uploads\/2025\/12\/chambre-coriandre.jpg 370w, https:\/\/riadalkarama.com\/wp-content\/uploads\/2025\/12\/chambre-coriandre-300x199.jpg 300w\" sizes=\"(max-width: 370px) 100vw, 370px\" \/>\t\t\t\t\t\t\t\t\t\t\t\t\t\t\t<\/div>\n\t\t\t\t<div class=\"elementor-element elementor-element-5f0d242 elementor-widget elementor-widget-text-editor\" data-id=\"5f0d242\" data-element_type=\"widget\" data-widget_type=\"text-editor.default\">\n\t\t\t\t\t\t\t\t\t<h5 style=\"font-family: Hind; line-height: 1.5em; color: #232323; margin-bottom: 0px; font-size: 18.15px; text-transform: uppercase; font-style: normal; letter-spacing: 0.196px;\">\u00a0 \u00a0 \u00a0 \u00a0 \u00a0 \u00a0 \u00a0<span style=\"letter-spacing: 0.196px;\">Chambre Coriandre<\/span><\/h5><p>\u00a0<\/p><p style=\"margin-bottom: 0px; line-height: 1.7em; letter-spacing: 0.02em; font-size: 14px; color: #232323; font-family: Hind; font-style: normal; font-weight: 500;\">Situ\u00e9e au rez-de-chauss\u00e9e, elle s\u2019ouvre sur le patio, lit double, salle de bain en tadellakt, douche et toilettes priv\u00e9es.<\/p><div style=\"margin-right: -15px; margin-left: -15px; color: #232323; font-family: Hind; font-size: 14px; letter-spacing: 0.196px;\"><div style=\"position: relative; min-height: 1px; padding-right: 15px; padding-left: 15px; float: left; width: 299.984px;\"><ul style=\"margin-top: 5px; margin-bottom: 0px; padding-left: 17px;\"><li style=\"padding-top: 4px; padding-bottom: 4px;\">Superficie 10 m\u00b2<\/li><li style=\"padding-top: 4px; padding-bottom: 4px;\">Logement enti\u00e8rement situ\u00e9 au rez-de-chauss\u00e9e<\/li><li style=\"padding-top: 4px; padding-bottom: 4px;\">Logement enti\u00e8rement accessible en fauteuil roulant<\/li><\/ul><\/div><div style=\"position: relative; min-height: 1px; padding-right: 15px; padding-left: 15px; float: left; width: 299.984px;\"><ul style=\"margin-top: 5px; margin-bottom: 0px; padding-left: 17px;\"><li style=\"padding-top: 4px; padding-bottom: 4px;\">Armoire ou penderie<\/li><li style=\"padding-top: 4px; padding-bottom: 4px;\">Bureau<\/li><li style=\"padding-top: 4px; padding-bottom: 4px;\">Salle de bain est \u00e9quip\u00e9e d&rsquo;une douche<\/li><li style=\"padding-top: 4px; padding-bottom: 4px;\">Air conditionn\u00e9<\/li><\/ul><\/div><\/div><div style=\"margin-right: -15px; margin-left: -15px; color: #232323; font-family: Hind; font-size: 14px; letter-spacing: 0.196px;\"><div style=\"position: relative; min-height: 1px; padding-right: 15px; padding-left: 15px; float: left; width: 299.984px;\">\u00a0<\/div><\/div>\t\t\t\t\t\t\t\t<\/div>\n\t\t\t\t<\/div>\n\t\t<div class=\"elementor-element elementor-element-95578db e-con-full e-flex e-con e-child\" data-id=\"95578db\" data-element_type=\"container\">\n\t\t\t\t<div class=\"elementor-element elementor-element-62078dc elementor-widget elementor-widget-image\" data-id=\"62078dc\" data-element_type=\"widget\" data-widget_type=\"image.default\">\n\t\t\t\t\t\t\t\t\t\t\t\t\t\t\t<img decoding=\"async\" width=\"370\" height=\"245\" src=\"https:\/\/riadalkarama.com\/wp-content\/uploads\/2025\/12\/chambre-muscade.jpg\" class=\"attachment-2048x2048 size-2048x2048 wp-image-24\" alt=\"\" srcset=\"https:\/\/riadalkarama.com\/wp-content\/uploads\/2025\/12\/chambre-muscade.jpg 370w, https:\/\/riadalkarama.com\/wp-content\/uploads\/2025\/12\/chambre-muscade-300x199.jpg 300w\" sizes=\"(max-width: 370px) 100vw, 370px\" \/>\t\t\t\t\t\t\t\t\t\t\t\t\t\t\t<\/div>\n\t\t\t\t<div class=\"elementor-element elementor-element-41a771b elementor-widget elementor-widget-text-editor\" data-id=\"41a771b\" data-element_type=\"widget\" data-widget_type=\"text-editor.default\">\n\t\t\t\t\t\t\t\t\t<h5 style=\"font-family: Hind; line-height: 1.5em; color: #232323; margin-bottom: 0px; font-size: 18.15px; text-transform: uppercase; font-style: normal; letter-spacing: 0.196px;\">\u00a0 \u00a0 \u00a0 \u00a0 \u00a0 \u00a0 \u00a0 \u00a0 Chambre Muscade<\/h5><p>\u00a0<\/p><p style=\"margin-bottom: 0px; line-height: 1.7em; letter-spacing: 0.02em; font-size: 14px; color: #232323; font-family: Hind; font-style: normal; font-weight: 500;\">Chambre double, \u00e0 l&rsquo;\u00e9tage, avec vue sur le patio, au style traditionnel marocain, lits jumeaux, climatisation, salle de bain en tadellakt, avec douche et toilettes priv\u00e9es.<\/p><div style=\"margin-right: -15px; margin-left: -15px; color: #232323; font-family: Hind; font-size: 14px; letter-spacing: 0.196px;\"><div style=\"position: relative; min-height: 1px; padding-right: 15px; padding-left: 15px; float: left; width: 299.984px;\"><ul style=\"margin-top: 5px; margin-bottom: 0px; padding-left: 17px;\"><li style=\"padding-top: 4px; padding-bottom: 4px;\">Superficie 12 m\u00b2<\/li><li style=\"padding-top: 4px; padding-bottom: 4px;\">\u00c9tages sup\u00e9rieurs accessibles uniquement par les escaliers<\/li><li style=\"padding-top: 4px; padding-bottom: 4px;\">Armoire ou penderie<\/li><\/ul><\/div><div style=\"position: relative; min-height: 1px; padding-right: 15px; padding-left: 15px; float: left; width: 299.984px;\"><ul style=\"margin-top: 5px; margin-bottom: 0px; padding-left: 17px;\"><li style=\"padding-top: 4px; padding-bottom: 4px;\">Bureau<\/li><li style=\"padding-top: 4px; padding-bottom: 4px;\">Salle de bain est \u00e9quip\u00e9e d&rsquo;une douche<\/li><li style=\"padding-top: 4px; padding-bottom: 4px;\">Air conditionn\u00e9<\/li><\/ul><\/div><\/div>\t\t\t\t\t\t\t\t<\/div>\n\t\t\t\t<\/div>\n\t\t\t\t\t<\/div>\n\t\t\t\t<\/div>\n\t\t<div class=\"elementor-element elementor-element-cce3672 e-flex e-con-boxed e-con e-parent\" data-id=\"cce3672\" data-element_type=\"container\">\n\t\t\t\t\t<div class=\"e-con-inner\">\n\t\t\t\t<div class=\"elementor-element elementor-element-fbd61d2 elementor-widget-divider--view-line elementor-widget elementor-widget-divider\" data-id=\"fbd61d2\" data-element_type=\"widget\" data-widget_type=\"divider.default\">\n\t\t\t\t\t\t\t<div class=\"elementor-divider\">\n\t\t\t<span class=\"elementor-divider-separator\">\n\t\t\t\t\t\t<\/span>\n\t\t<\/div>\n\t\t\t\t\t\t<\/div>\n\t\t\t\t\t<\/div>\n\t\t\t\t<\/div>\n\t\t<div class=\"elementor-element elementor-element-fefb701 e-flex e-con-boxed e-con e-parent\" data-id=\"fefb701\" data-element_type=\"container\">\n\t\t\t\t\t<div class=\"e-con-inner\">\n\t\t<div class=\"elementor-element elementor-element-a6117fc e-con-full e-flex e-con e-child\" data-id=\"a6117fc\" data-element_type=\"container\">\n\t\t\t\t<div class=\"elementor-element elementor-element-ce3314b elementor-widget elementor-widget-image\" data-id=\"ce3314b\" data-element_type=\"widget\" data-widget_type=\"image.default\">\n\t\t\t\t\t\t\t\t\t\t\t\t\t\t\t<img loading=\"lazy\" decoding=\"async\" width=\"370\" height=\"245\" src=\"https:\/\/riadalkarama.com\/wp-content\/uploads\/2025\/12\/chambre-safran.jpg\" class=\"attachment-2048x2048 size-2048x2048 wp-image-25\" alt=\"\" srcset=\"https:\/\/riadalkarama.com\/wp-content\/uploads\/2025\/12\/chambre-safran.jpg 370w, https:\/\/riadalkarama.com\/wp-content\/uploads\/2025\/12\/chambre-safran-300x199.jpg 300w\" sizes=\"(max-width: 370px) 100vw, 370px\" \/>\t\t\t\t\t\t\t\t\t\t\t\t\t\t\t<\/div>\n\t\t\t\t<div class=\"elementor-element elementor-element-bdf4a8c elementor-widget elementor-widget-text-editor\" data-id=\"bdf4a8c\" data-element_type=\"widget\" data-widget_type=\"text-editor.default\">\n\t\t\t\t\t\t\t\t\t<h5 style=\"font-family: Hind; line-height: 1.5em; color: #232323; margin-bottom: 0px; font-size: 18.15px; text-transform: uppercase; font-style: normal; letter-spacing: 0.196px;\">\u00a0 \u00a0 \u00a0 \u00a0 \u00a0Chambre Safran<\/h5><div>\u00a0<\/div><p style=\"margin-bottom: 0px; line-height: 1.7em; letter-spacing: 0.02em; font-size: 14px; color: #232323; font-family: Hind; font-style: normal; font-weight: 500;\">Chambre double, aux couleurs marocaines, avec vue sur le patio, lit double, climatisation, salle de bain en tadellakt, avec douche et toilettes priv\u00e9es.<\/p><div style=\"margin-right: -15px; margin-left: -15px; color: #232323; font-family: Hind; font-size: 14px; letter-spacing: 0.196px;\"><div style=\"position: relative; min-height: 1px; padding-right: 15px; padding-left: 15px; float: left; width: 299.984px;\"><ul style=\"margin-top: 5px; margin-bottom: 0px; padding-left: 17px;\"><li style=\"padding-top: 4px; padding-bottom: 4px;\">Superficie 16 m\u00b2<\/li><li style=\"padding-top: 4px; padding-bottom: 4px;\">\u00c9tages sup\u00e9rieurs accessibles uniquement par les escaliers<\/li><li style=\"padding-top: 4px; padding-bottom: 4px;\">Armoire ou penderie<\/li><\/ul><\/div><div style=\"position: relative; min-height: 1px; padding-right: 15px; padding-left: 15px; float: left; width: 299.984px;\"><ul style=\"margin-top: 5px; margin-bottom: 0px; padding-left: 17px;\"><li style=\"padding-top: 4px; padding-bottom: 4px;\">Bureau<\/li><li style=\"padding-top: 4px; padding-bottom: 4px;\">Salle de bain est \u00e9quip\u00e9e d&rsquo;une douche<\/li><li style=\"padding-top: 4px; padding-bottom: 4px;\">Air conditionn\u00e9<\/li><\/ul><\/div><\/div>\t\t\t\t\t\t\t\t<\/div>\n\t\t\t\t<\/div>\n\t\t<div class=\"elementor-element elementor-element-e43f937 e-con-full e-flex e-con e-child\" data-id=\"e43f937\" data-element_type=\"container\">\n\t\t\t\t<div class=\"elementor-element elementor-element-23ea48f elementor-widget elementor-widget-image\" data-id=\"23ea48f\" data-element_type=\"widget\" data-widget_type=\"image.default\">\n\t\t\t\t\t\t\t\t\t\t\t\t\t\t\t<img loading=\"lazy\" decoding=\"async\" width=\"370\" height=\"245\" src=\"https:\/\/riadalkarama.com\/wp-content\/uploads\/2025\/12\/chambre-cannelle.jpg\" class=\"attachment-2048x2048 size-2048x2048 wp-image-22\" alt=\"\" srcset=\"https:\/\/riadalkarama.com\/wp-content\/uploads\/2025\/12\/chambre-cannelle.jpg 370w, https:\/\/riadalkarama.com\/wp-content\/uploads\/2025\/12\/chambre-cannelle-300x199.jpg 300w\" sizes=\"(max-width: 370px) 100vw, 370px\" \/>\t\t\t\t\t\t\t\t\t\t\t\t\t\t\t<\/div>\n\t\t\t\t<div class=\"elementor-element elementor-element-341891e elementor-widget elementor-widget-text-editor\" data-id=\"341891e\" data-element_type=\"widget\" data-widget_type=\"text-editor.default\">\n\t\t\t\t\t\t\t\t\t<h5 style=\"font-family: Hind; line-height: 1.5em; color: #232323; margin-bottom: 0px; font-size: 18.15px; text-transform: uppercase; font-style: normal; letter-spacing: 0.196px;\">\u00a0 \u00a0 \u00a0 \u00a0 \u00a0 \u00a0Chambre Cannelle<\/h5><div>\u00a0<\/div><p style=\"margin-bottom: 0px; line-height: 1.7em; letter-spacing: 0.02em; font-size: 14px; color: #232323; font-family: Hind; font-style: normal; font-weight: 500;\">Chambre double, aux lumi\u00e8res d&rsquo;Orient, ouverte sur le patio, lit double, salle de bain en tadellakt, douche et toilettes priv\u00e9es.<\/p><div style=\"margin-right: -15px; margin-left: -15px; color: #232323; font-family: Hind; font-size: 14px; letter-spacing: 0.196px;\"><div style=\"position: relative; min-height: 1px; padding-right: 15px; padding-left: 15px; float: left; width: 299.984px;\"><ul style=\"margin-top: 5px; margin-bottom: 0px; padding-left: 17px;\"><li style=\"padding-top: 4px; padding-bottom: 4px;\">Superficie 16 m\u00b2<\/li><li style=\"padding-top: 4px; padding-bottom: 4px;\">Logement enti\u00e8rement situ\u00e9 au rez-de-chauss\u00e9e<\/li><li style=\"padding-top: 4px; padding-bottom: 4px;\">Logement enti\u00e8rement accessible en fauteuil roulant<\/li><\/ul><\/div><div style=\"position: relative; min-height: 1px; padding-right: 15px; padding-left: 15px; float: left; width: 299.984px;\"><ul style=\"margin-top: 5px; margin-bottom: 0px; padding-left: 17px;\"><li style=\"padding-top: 4px; padding-bottom: 4px;\">Armoire ou penderie<\/li><li style=\"padding-top: 4px; padding-bottom: 4px;\">Bureau<\/li><li style=\"padding-top: 4px; padding-bottom: 4px;\">Salle de bain est \u00e9quip\u00e9e d&rsquo;une douche<\/li><li style=\"padding-top: 4px; padding-bottom: 4px;\">Air conditionn\u00e9<\/li><\/ul><\/div><\/div>\t\t\t\t\t\t\t\t<\/div>\n\t\t\t\t<\/div>\n\t\t\t\t\t<\/div>\n\t\t\t\t<\/div>\n\t\t<div class=\"elementor-element elementor-element-ef56282 e-flex e-con-boxed e-con e-parent\" data-id=\"ef56282\" data-element_type=\"container\">\n\t\t\t\t\t<div class=\"e-con-inner\">\n\t\t\t\t\t<\/div>\n\t\t\t\t<\/div>\n\t\t\t\t<\/div>\n\t\t","protected":false},"excerpt":{"rendered":"<p>Suite Paprika La suite des \u00ab\u00a0Mille et une nuits\u00a0\u00bb \u00e0 la d\u00e9coration orientale, air conditionn\u00e9, lit double, salle de bain [&hellip;]<\/p>\n","protected":false},"author":1,"featured_media":0,"parent":0,"menu_order":0,"comment_status":"closed","ping_status":"closed","template":"elementor_theme","meta":{"site-sidebar-layout":"no-sidebar","site-content-layout":"","ast-site-content-layout":"full-width-container","site-content-style":"default","site-sidebar-style":"default","ast-global-header-display":"","ast-banner-title-visibility":"","ast-main-header-display":"","ast-hfb-above-header-display":"","ast-hfb-below-header-display":"","ast-hfb-mobile-header-display":"","site-post-title":"","ast-breadcrumbs-content":"","ast-featured-img":"disabled","footer-sml-layout":"","theme-transparent-header-meta":"","adv-header-id-meta":"","stick-header-meta":"","header-above-stick-meta":"","header-main-stick-meta":"","header-below-stick-meta":"","astra-migrate-meta-layouts":"default","ast-page-background-enabled":"default","ast-page-background-meta":{"desktop":{"background-color":"var(--ast-global-color-5)","background-image":"","background-repeat":"repeat","background-position":"center center","background-size":"auto","background-attachment":"scroll","background-type":"","background-media":"","overlay-type":"","overlay-color":"","overlay-opacity":"","overlay-gradient":""},"tablet":{"background-color":"","background-image":"","background-repeat":"repeat","background-position":"center center","background-size":"auto","background-attachment":"scroll","background-type":"","background-media":"","overlay-type":"","overlay-color":"","overlay-opacity":"","overlay-gradient":""},"mobile":{"background-color":"","background-image":"","background-repeat":"repeat","background-position":"center center","background-size":"auto","background-attachment":"scroll","background-type":"","background-media":"","overlay-type":"","overlay-color":"","overlay-opacity":"","overlay-gradient":""}},"ast-content-background-meta":{"desktop":{"background-color":"var(--ast-global-color-4)","background-image":"","background-repeat":"repeat","background-position":"center center","background-size":"auto","background-attachment":"scroll","background-type":"","background-media":"","overlay-type":"","overlay-color":"","overlay-opacity":"","overlay-gradient":""},"tablet":{"background-color":"var(--ast-global-color-4)","background-image":"","background-repeat":"repeat","background-position":"center center","background-size":"auto","background-attachment":"scroll","background-type":"","background-media":"","overlay-type":"","overlay-color":"","overlay-opacity":"","overlay-gradient":""},"mobile":{"background-color":"var(--ast-global-color-4)","background-image":"","background-repeat":"repeat","background-position":"center center","background-size":"auto","background-attachment":"scroll","background-type":"","background-media":"","overlay-type":"","overlay-color":"","overlay-opacity":"","overlay-gradient":""}},"footnotes":""},"class_list":["post-67","page","type-page","status-publish","hentry"],"_links":{"self":[{"href":"https:\/\/riadalkarama.com\/index.php?rest_route=\/wp\/v2\/pages\/67","targetHints":{"allow":["GET"]}}],"collection":[{"href":"https:\/\/riadalkarama.com\/index.php?rest_route=\/wp\/v2\/pages"}],"about":[{"href":"https:\/\/riadalkarama.com\/index.php?rest_route=\/wp\/v2\/types\/page"}],"author":[{"embeddable":true,"href":"https:\/\/riadalkarama.com\/index.php?rest_route=\/wp\/v2\/users\/1"}],"replies":[{"embeddable":true,"href":"https:\/\/riadalkarama.com\/index.php?rest_route=%2Fwp%2Fv2%2Fcomments&post=67"}],"version-history":[{"count":25,"href":"https:\/\/riadalkarama.com\/index.php?rest_route=\/wp\/v2\/pages\/67\/revisions"}],"predecessor-version":[{"id":163,"href":"https:\/\/riadalkarama.com\/index.php?rest_route=\/wp\/v2\/pages\/67\/revisions\/163"}],"wp:attachment":[{"href":"https:\/\/riadalkarama.com\/index.php?rest_route=%2Fwp%2Fv2%2Fmedia&parent=67"}],"curies":[{"name":"wp","href":"https:\/\/api.w.org\/{rel}","templated":true}]}}